{"id":444,"date":"2020-04-30T15:42:15","date_gmt":"2020-04-30T13:42:15","guid":{"rendered":"https:\/\/dev.gs-alt-wolfsburg.de\/?page_id=444"},"modified":"2024-08-11T09:22:13","modified_gmt":"2024-08-11T07:22:13","slug":"beratung-und-hilfe","status":"publish","type":"page","link":"https:\/\/dev.gs-alt-wolfsburg.de\/?page_id=444","title":{"rendered":"Beratung und Hilfe"},"content":{"rendered":"\n<h2 class=\"wp-block-heading\">Unsere Schulsozialarbeiterinnen<\/h2>\n\n\n<div class=\"wp-block-image\">\n<figure class=\"alignleft size-large is-resized\"><img loading=\"lazy\" decoding=\"async\" width=\"998\" height=\"1024\" src=\"https:\/\/dev.gs-alt-wolfsburg.de\/wp-content\/uploads\/2023\/05\/PXL_20230503_115315167.MP3-998x1024.jpg\" alt=\"\" class=\"wp-image-1319\" style=\"width:323px;height:331px\" srcset=\"https:\/\/dev.gs-alt-wolfsburg.de\/wp-content\/uploads\/2023\/05\/PXL_20230503_115315167.MP3-998x1024.jpg 998w, https:\/\/dev.gs-alt-wolfsburg.de\/wp-content\/uploads\/2023\/05\/PXL_20230503_115315167.MP3-293x300.jpg 293w, https:\/\/dev.gs-alt-wolfsburg.de\/wp-content\/uploads\/2023\/05\/PXL_20230503_115315167.MP3-768x788.jpg 768w, https:\/\/dev.gs-alt-wolfsburg.de\/wp-content\/uploads\/2023\/05\/PXL_20230503_115315167.MP3-1498x1536.jpg 1498w, https:\/\/dev.gs-alt-wolfsburg.de\/wp-content\/uploads\/2023\/05\/PXL_20230503_115315167.MP3.jpg 1836w\" sizes=\"(max-width: 998px) 100vw, 998px\" \/><\/figure><\/div>\n\n\n<p>Hallo liebe Eltern,<\/p>\n\n\n\n<p>ich hei\u00dfe Theresa Fehrmann, bin studierte Erziehungswissenschaftlerin und darf seit dem 12. April 2023 als Schulsozialarbeiterin an der Grundschule Alt-Wolfsburg arbeiten.<\/p>\n\n\n\n<p>Als Schulsozialarbeiterin bin ich Ansprechpartner f\u00fcr Sch\u00fcler*innen, Eltern und Lehrer*innen. Ich biete bei Fragen, Sorgen oder Schwierigkeiten in schulischen, privaten oder famili\u00e4ren Angelegenheiten meine Unterst\u00fctzung an.<\/p>\n\n\n\n<p>Kinder verbringen einen gro\u00dfen Anteil ihrer Zeit in der Schule. Sie ist aber nicht nur ein Ort, der Wissen vermittelt, sondern auch ein Ort des sozialen Lernens. Mein Anliegen ist es, gemeinsam mit den Kindern, den Eltern, den Lehrkr\u00e4ften, der Schulleitung und dem Ganztag den Schulalltag positiv mit zu gestalten und das Schulklima zu verbessern.<\/p>\n\n\n\n<p>Schulsozialarbeit unterst\u00fctzt und begleitet Sch\u00fcler*innen, Lehrkr\u00e4fte und Eltern bei der gemeinsamen Suche nach Wegen und L\u00f6sungsm\u00f6glichkeiten und setzt dabei an den F\u00e4higkeiten und St\u00e4rken jedes Einzelnen an.<\/p>\n\n\n\n<p>Ich habe immer ein offenes Ohr, reiche gerne eine unterst\u00fctzende Hand und freue mich \u00fcber Offenheit, Austausch und Interesse f\u00fcreinander. Wenn Sie Fragen oder Probleme haben und Beratung oder Hilfe ben\u00f6tigen, k\u00f6nnen Sie mich gerne kontaktieren und einen Termin mit mir vereinbaren. Alle Gespr\u00e4che werden vertraulich behandelt.<\/p>\n\n\n\n<figure class=\"wp-block-image size-large\"><img loading=\"lazy\" decoding=\"async\" width=\"1024\" height=\"576\" src=\"https:\/\/dev.gs-alt-wolfsburg.de\/wp-content\/uploads\/2023\/05\/PXL_20230509_071447381.MP_-1024x576.jpg\" alt=\"\" class=\"wp-image-1322\" srcset=\"https:\/\/dev.gs-alt-wolfsburg.de\/wp-content\/uploads\/2023\/05\/PXL_20230509_071447381.MP_-1024x576.jpg 1024w, https:\/\/dev.gs-alt-wolfsburg.de\/wp-content\/uploads\/2023\/05\/PXL_20230509_071447381.MP_-300x169.jpg 300w, https:\/\/dev.gs-alt-wolfsburg.de\/wp-content\/uploads\/2023\/05\/PXL_20230509_071447381.MP_-768x432.jpg 768w, https:\/\/dev.gs-alt-wolfsburg.de\/wp-content\/uploads\/2023\/05\/PXL_20230509_071447381.MP_-1536x864.jpg 1536w, https:\/\/dev.gs-alt-wolfsburg.de\/wp-content\/uploads\/2023\/05\/PXL_20230509_071447381.MP_-2048x1152.jpg 2048w\" sizes=\"(max-width: 1024px) 100vw, 1024px\" \/><\/figure>\n\n\n\n<p>Erreichen k\u00f6nnen Sie mich:<\/p>\n\n\n\n<p>Telefonisch unter der Nummer: 05361 \u2013 8660514<br>Per E-Mail unter: <a href=\"mailto:schulsozialarbeit-gs7@wolfsburg.de\">schulsozialarbeit-gs7@wolfsburg.de<\/a><\/p>\n\n\n\n<p>Ich habe derzeit keine festen Sprechzeiten.<br>Ich bin t\u00e4glich zwischen 8 und 13 Uhr im Haus.<br>Gespr\u00e4chstermine f\u00fcr Sch\u00fcler*innen, Lehrkr\u00e4fte und Eltern werden individuell vereinbart.<\/p>\n\n\n\n<p>Mein B\u00fcro befindet sich im 1. OG des Hauptgeb\u00e4udes der Grundschule Alt-Wolfsburg (Raum 24a).<\/p>\n\n\n\n<p class=\"has-text-align-center\">&#8212;&#8212;&#8212;&#8212;&#8212;&#8212;&#8212;&#8212;&#8212;&#8212;&#8212;&#8212;&#8212;&#8212;&#8212;&#8212;&#8212;&#8212;&#8212;&#8212;&#8212;&#8212;&#8212;&#8212;&#8212;&#8212;&#8212;&#8212;&#8212;&#8212;&#8212;<\/p>\n\n\n<div class=\"wp-block-image\">\n<figure class=\"alignright size-large is-resized\"><img loading=\"lazy\" decoding=\"async\" width=\"1024\" height=\"1002\" src=\"https:\/\/dev.gs-alt-wolfsburg.de\/wp-content\/uploads\/2023\/11\/Foto-Veronika-1-1024x1002.jpg\" alt=\"\" class=\"wp-image-1553\" style=\"width:368px;height:360px\" srcset=\"https:\/\/dev.gs-alt-wolfsburg.de\/wp-content\/uploads\/2023\/11\/Foto-Veronika-1-1024x1002.jpg 1024w, https:\/\/dev.gs-alt-wolfsburg.de\/wp-content\/uploads\/2023\/11\/Foto-Veronika-1-300x294.jpg 300w, https:\/\/dev.gs-alt-wolfsburg.de\/wp-content\/uploads\/2023\/11\/Foto-Veronika-1-768x752.jpg 768w, https:\/\/dev.gs-alt-wolfsburg.de\/wp-content\/uploads\/2023\/11\/Foto-Veronika-1-1536x1503.jpg 1536w, https:\/\/dev.gs-alt-wolfsburg.de\/wp-content\/uploads\/2023\/11\/Foto-Veronika-1-2048x2005.jpg 2048w\" sizes=\"(max-width: 1024px) 100vw, 1024px\" \/><\/figure><\/div>\n\n\n<p>Hallo liebe Eltern, Gro\u00dfeltern, Erziehungsberechtigte,&nbsp;<br>hallo liebe Familien,<\/p>\n\n\n\n<p>mein Name ist Veronika Kawitzke, ich bin staatlich anerkannte Sozialarbeiterin\/ Sozialp\u00e4dagogin und freue mich sehr dar\u00fcber, seit dem 01.09.2023 an der Grundschule Alt-Wolfsburg t\u00e4tig sein zu d\u00fcrfen! \ud83d\ude0a<\/p>\n\n\n\n<p>Als Sozialarbeiterin\/Sozialp\u00e4dagogin biete ich, gemeinsam mit meiner Kollegin Frau Fehrmann, sowohl Ihren Kindern, als auch Ihnen und den Lehrkr\u00e4ften, ein offenes Ohr bei Fragen, Sorgen oder Problemen im schulischen, privaten oder famili\u00e4ren Bereich an. Dabei unterliege ich der Schweigepflicht und stelle somit einen gesch\u00fctzten Raum f\u00fcr das jeweilige Anliegen bereit. Zudem biete ich Unterst\u00fctzung und Hilfestellungen bei der Arbeit mit Sch\u00fcler*innen, die einen&nbsp; sonderp\u00e4dagogischen Unterst\u00fctzungsbedarf im F\u00f6rderschwerpunkt der emotionalen und sozialen Entwicklung vorweisen, an.<\/p>\n\n\n\n<p>Gemeinsam mit Ihren Kindern m\u00f6chte ich an Schwierigkeiten arbeiten, L\u00f6sungswege entwickeln und dabei gezielt die St\u00e4rken und Schw\u00e4chen Ihrer Kinder f\u00f6rdern, fordern und weiterentwickeln.<\/p>\n\n\n\n<p>Ich freue mich sehr auf die Zusammenarbeit und den Austausch mit Ihren Kindern und Ihnen!\ud83d\ude0a<\/p>\n\n\n\n<p>Sie k\u00f6nnen mich per Mail unter <a href=\"mailto:veronika.kawitzke@schule-nds.de\">veronika.kawitzke@schule-nds.de<\/a> oder telefonisch unter 05361-8660517 erreichen. Ich bin montags bis donnerstags zwischen 08:00 und 13:00 Uhr im Haus. Mein B\u00fcro finden Sie im 2. OG des Hauptgeb\u00e4udes der Grundschule Alt-Wolfsburg (Raum 26A). Gespr\u00e4chstermine werden individuell vereinbart.<\/p>\n","protected":false},"excerpt":{"rendered":"<p>Unsere Schulsozialarbeiterinnen Hallo liebe Eltern, ich hei\u00dfe Theresa Fehrmann, bin studierte Erziehungswissenschaftlerin und darf seit dem 12. April 2023 als Schulsozialarbeiterin an der Grundschule Alt-Wolfsburg arbeiten. Als Schulsozialarbeiterin bin ich Ansprechpartner f\u00fcr Sch\u00fcler*innen, Eltern und Lehrer*innen. Ich biete bei Fragen, Sorgen oder Schwierigkeiten in schulischen, privaten oder famili\u00e4ren Angelegenheiten meine Unterst\u00fctzung an. Kinder verbringen einen [&hellip;]<\/p>\n","protected":false},"author":2,"featured_media":0,"parent":0,"menu_order":5,"comment_status":"closed","ping_status":"closed","template":"","meta":{"footnotes":""},"_links":{"self":[{"href":"https:\/\/dev.gs-alt-wolfsburg.de\/index.php?rest_route=\/wp\/v2\/pages\/444"}],"collection":[{"href":"https:\/\/dev.gs-alt-wolfsburg.de\/index.php?rest_route=\/wp\/v2\/pages"}],"about":[{"href":"https:\/\/dev.gs-alt-wolfsburg.de\/index.php?rest_route=\/wp\/v2\/types\/page"}],"author":[{"embeddable":true,"href":"https:\/\/dev.gs-alt-wolfsburg.de\/index.php?rest_route=\/wp\/v2\/users\/2"}],"replies":[{"embeddable":true,"href":"https:\/\/dev.gs-alt-wolfsburg.de\/index.php?rest_route=%2Fwp%2Fv2%2Fcomments&post=444"}],"version-history":[{"count":25,"href":"https:\/\/dev.gs-alt-wolfsburg.de\/index.php?rest_route=\/wp\/v2\/pages\/444\/revisions"}],"predecessor-version":[{"id":1695,"href":"https:\/\/dev.gs-alt-wolfsburg.de\/index.php?rest_route=\/wp\/v2\/pages\/444\/revisions\/1695"}],"wp:attachment":[{"href":"https:\/\/dev.gs-alt-wolfsburg.de\/index.php?rest_route=%2Fwp%2Fv2%2Fmedia&parent=444"}],"curies":[{"name":"wp","href":"https:\/\/api.w.org\/{rel}","templated":true}]}}