{"id":210,"date":"2019-06-03T17:51:24","date_gmt":"2019-06-03T15:51:24","guid":{"rendered":"http:\/\/www.gs-alt-wolfsburg.de\/wp\/?page_id=210"},"modified":"2022-08-25T15:07:59","modified_gmt":"2022-08-25T13:07:59","slug":"kurzinformation","status":"publish","type":"page","link":"https:\/\/dev.gs-alt-wolfsburg.de\/?page_id=210","title":{"rendered":"Schulvormittag"},"content":{"rendered":"\n<p>Die Grundschule Alt-Wolfsburg ist eine Offene Ganzstagsschule. Die Schule wird um 7.45 Uhr ge\u00f6ffnet, der Unterricht beginnt um 8:00 Uhr f\u00fcr alle Klassen. Unterricht f\u00e4llt grunds\u00e4tzlich nicht aus. Ein Vertretungs- und Betreuungskonzept stellt sicher, dass kein Kind vorzeitig nach Hause geschickt wird.<\/p>\n\n\n\n<figure class=\"wp-block-image size-large\"><img loading=\"lazy\" decoding=\"async\" width=\"1024\" height=\"458\" src=\"https:\/\/dev.gs-alt-wolfsburg.de\/wp-content\/uploads\/2020\/10\/20200920_GS-Alt-Wolfsburg_IK17607-1024x458.jpg\" alt=\"\" class=\"wp-image-599\" srcset=\"https:\/\/dev.gs-alt-wolfsburg.de\/wp-content\/uploads\/2020\/10\/20200920_GS-Alt-Wolfsburg_IK17607-1024x458.jpg 1024w, https:\/\/dev.gs-alt-wolfsburg.de\/wp-content\/uploads\/2020\/10\/20200920_GS-Alt-Wolfsburg_IK17607-300x134.jpg 300w, https:\/\/dev.gs-alt-wolfsburg.de\/wp-content\/uploads\/2020\/10\/20200920_GS-Alt-Wolfsburg_IK17607-768x344.jpg 768w, https:\/\/dev.gs-alt-wolfsburg.de\/wp-content\/uploads\/2020\/10\/20200920_GS-Alt-Wolfsburg_IK17607.jpg 1280w\" sizes=\"(max-width: 1024px) 100vw, 1024px\" \/><figcaption>Haupteingang innen<\/figcaption><\/figure>\n\n\n\n<p>Die 1. und 2. Klassen erhalten 21 Unterrichtsstunden, die 3. und 4. Klassen haben 26 Unterrichtsstunden in der Woche. Dar\u00fcber hinaus findet F\u00f6rderunterricht statt.<\/p>\n\n\n\n<p>Unterrichtszeiten:<\/p>\n\n\n\n<figure class=\"wp-block-table\"><table><tbody><tr><td>1. Std.<\/td><td>08:00 Uhr &#8211; 08:45 Uhr<\/td><\/tr><tr><td>2. Std.<\/td><td>08:50 Uhr &#8211; 09:35 Uhr<\/td><\/tr><tr><td>&nbsp;<\/td><td>gro\u00dfe Pause<\/td><\/tr><tr><td>3. Std.<\/td><td>10:05 Uhr &#8211; 10:50 Uhr<\/td><\/tr><tr><td>4. Std.<\/td><td>11:00 Uhr &#8211; 11:45 Uhr<\/td><\/tr><tr><td>&nbsp;<\/td><td>gro\u00dfe Pause<\/td><\/tr><tr><td>5. Std.<\/td><td>12:10 Uhr &#8211; 12:55 Uhr<\/td><\/tr><tr><td>6. Std.<\/td><td>12:55 Uhr &#8211; 13:40 Uhr<\/td><\/tr><\/tbody><\/table><\/figure>\n\n\n\n<p>Der Unterricht der 1. und 2. Klassen endet in der Regel um 12:55 einschlie\u00dflich der Betreuungszeit. Die 3. und 4. Klassen haben entsprechend ihres Stundenplans um 12:55 Uhr bzw. 13:40 Uhr Unterrichtsschluss.<\/p>\n\n\n\n<p>In der GS Alt-Wolfsburg kann zudem das Ganztagsangebot gew\u00e4hlt werden.<\/p>\n\n\n\n<p><\/p>\n","protected":false},"excerpt":{"rendered":"<p>Die Grundschule Alt-Wolfsburg ist eine Offene Ganzstagsschule. Die Schule wird um 7.45 Uhr ge\u00f6ffnet, der Unterricht beginnt um 8:00 Uhr f\u00fcr alle Klassen. Unterricht f\u00e4llt grunds\u00e4tzlich nicht aus. Ein Vertretungs- und Betreuungskonzept stellt sicher, dass kein Kind vorzeitig nach Hause geschickt wird. Die 1. und 2. Klassen erhalten 21 Unterrichtsstunden, die 3. und 4. Klassen [&hellip;]<\/p>\n","protected":false},"author":1,"featured_media":0,"parent":193,"menu_order":0,"comment_status":"closed","ping_status":"closed","template":"","meta":{"footnotes":""},"_links":{"self":[{"href":"https:\/\/dev.gs-alt-wolfsburg.de\/index.php?rest_route=\/wp\/v2\/pages\/210"}],"collection":[{"href":"https:\/\/dev.gs-alt-wolfsburg.de\/index.php?rest_route=\/wp\/v2\/pages"}],"about":[{"href":"https:\/\/dev.gs-alt-wolfsburg.de\/index.php?rest_route=\/wp\/v2\/types\/page"}],"author":[{"embeddable":true,"href":"https:\/\/dev.gs-alt-wolfsburg.de\/index.php?rest_route=\/wp\/v2\/users\/1"}],"replies":[{"embeddable":true,"href":"https:\/\/dev.gs-alt-wolfsburg.de\/index.php?rest_route=%2Fwp%2Fv2%2Fcomments&post=210"}],"version-history":[{"count":4,"href":"https:\/\/dev.gs-alt-wolfsburg.de\/index.php?rest_route=\/wp\/v2\/pages\/210\/revisions"}],"predecessor-version":[{"id":1123,"href":"https:\/\/dev.gs-alt-wolfsburg.de\/index.php?rest_route=\/wp\/v2\/pages\/210\/revisions\/1123"}],"up":[{"embeddable":true,"href":"https:\/\/dev.gs-alt-wolfsburg.de\/index.php?rest_route=\/wp\/v2\/pages\/193"}],"wp:attachment":[{"href":"https:\/\/dev.gs-alt-wolfsburg.de\/index.php?rest_route=%2Fwp%2Fv2%2Fmedia&parent=210"}],"curies":[{"name":"wp","href":"https:\/\/api.w.org\/{rel}","templated":true}]}}