{"id":198,"date":"2019-06-03T17:14:30","date_gmt":"2019-06-03T15:14:30","guid":{"rendered":"http:\/\/www.gs-alt-wolfsburg.de\/wp\/?page_id=198"},"modified":"2026-01-21T15:17:16","modified_gmt":"2026-01-21T14:17:16","slug":"elternvertretung","status":"publish","type":"page","link":"https:\/\/dev.gs-alt-wolfsburg.de\/?page_id=198","title":{"rendered":"Elternvertretung"},"content":{"rendered":"<div class=\"\">\n<h2><strong>Der Elternrat stellt sich vor<\/strong><\/h2>\n<\/div>\n\n\n<p>Der Elternrat ist ein wesentlicher Bestandteil der Schulgemeinschaft der Grundschule Alt-Wolfsburg. Er besteht aus engagierten Eltern, die zu Beginn jedes Schuljahres auf den Elternabenden der jeweiligen Klassen als Elternvertreter gew\u00e4hlt werden. Alle Eltern der Schule k\u00f6nnen sich zur Wahl als Elternvertreter aufstellen lassen. Die Vorsitzenden des Elternrats und die Gremien innerhalb des Elternrats werden ausschlie\u00dflich von den Elternvertretern gew\u00e4hlt.<\/p>\n\n\n<div class=\"wp-block-image\">\n<figure class=\"alignright size-large is-resized\"><img loading=\"lazy\" decoding=\"async\" width=\"489\" height=\"1024\" src=\"https:\/\/dev.gs-alt-wolfsburg.de\/wp-content\/uploads\/2025\/03\/Hekimoglu-489x1024.jpg\" alt=\"\" class=\"wp-image-1959\" style=\"width:236px;height:auto\" srcset=\"https:\/\/dev.gs-alt-wolfsburg.de\/wp-content\/uploads\/2025\/03\/Hekimoglu-489x1024.jpg 489w, https:\/\/dev.gs-alt-wolfsburg.de\/wp-content\/uploads\/2025\/03\/Hekimoglu-143x300.jpg 143w, https:\/\/dev.gs-alt-wolfsburg.de\/wp-content\/uploads\/2025\/03\/Hekimoglu.jpg 558w\" sizes=\"(max-width: 489px) 100vw, 489px\" \/><figcaption class=\"wp-element-caption\"><sup>Nesrin Hekimoglu (Elternratsvorsitzende)<\/sup><\/figcaption><\/figure><\/div>\n\n\n<div class=\"wp-block-group alignwide is-layout-constrained wp-block-group-is-layout-constrained\"><div class=\"wp-block-group__inner-container\">\n<p><strong>Unsere Aufgaben:<\/strong><\/p>\n\n\n\n<p>Der Elternrat dient als verbindendes Gremium zwischen den Elternvertretern und Eltern einerseits sowie der Schulleitung und den Lehrern andererseits. Auch au\u00dferhalb der Grundschule Alt-Wolfsburg (GS7) vertritt der Elternrat die Interessen der Schulgemeinschaft in Gremien wie dem Stadtelternrat.<\/p>\n\n\n\n<p>In vielen schulischen Gremien und Bereichen des Schulalltags arbeitet der Elternrat der GS7 aktiv mit. Er begleitet beispielsweise die Schulentwicklungsprozesse in der Schulkonferenz und nimmt an Lehrerkonferenzen teil. Weitere Aufgaben umfassen:<\/p>\n\n\n\n<ul>\n<li><strong>Organisation von Veranstaltungen:<\/strong>&nbsp;Unterst\u00fctzung bei der Planung und Durchf\u00fchrung von schulischen Veranstaltungen wie Schulfesten, Sporttagen und Informationsabenden.<\/li>\n\n\n\n<li><strong>F\u00f6rderung der Zusammenarbeit:<\/strong>&nbsp;St\u00e4rkung der Zusammenarbeit zwischen Eltern, Lehrern und Sch\u00fclern.<\/li>\n\n\n\n<li><strong>Unterst\u00fctzung bei Projekten:<\/strong>&nbsp;F\u00f6rderung schulischer Projekte, die das Lernumfeld und die Gemeinschaft st\u00e4rken.<\/li>\n\n\n\n<li><strong>Beratung und Unterst\u00fctzung:<\/strong>&nbsp;Beratung der Eltern bei Fragen, Anregungen oder Problemen und Vermittlung bei Konflikten.<\/li>\n\n\n\n<li><strong>Kommunikation:<\/strong>&nbsp;Sicherstellung einer transparenten Kommunikation zwischen Eltern und Schule durch Weiterleitung von Informationen und Sammlung von Feedback.<\/li>\n<\/ul>\n\n\n<div class=\"wp-block-image\">\n<figure class=\"alignleft size-full is-resized\"><img loading=\"lazy\" decoding=\"async\" width=\"660\" height=\"880\" src=\"https:\/\/dev.gs-alt-wolfsburg.de\/wp-content\/uploads\/2025\/03\/IMG_0077.jpeg\" alt=\"\" class=\"wp-image-1980\" style=\"width:215px;height:auto\" srcset=\"https:\/\/dev.gs-alt-wolfsburg.de\/wp-content\/uploads\/2025\/03\/IMG_0077.jpeg 660w, https:\/\/dev.gs-alt-wolfsburg.de\/wp-content\/uploads\/2025\/03\/IMG_0077-225x300.jpeg 225w\" sizes=\"(max-width: 660px) 100vw, 660px\" \/><figcaption class=\"wp-element-caption\"><sup>Frederik Steib (stellvertr. Elternratsvorsitzender)<\/sup><\/figcaption><\/figure><\/div>\n\n\n<p><strong>Unsere Ziele:<\/strong><\/p>\n\n\n\n<ul>\n<li><strong>Transparenz:<\/strong>&nbsp;Der Elternrat legt gro\u00dfen Wert auf Transparenz und bezieht die Elternschaft in seine Arbeit ein. Alle Klassenelternvertreter werden zu den schul\u00f6ffentlichen Sitzungen eingeladen, und Protokolle werden \u00fcber die Klassenelternvertreter an alle Eltern verteilt.<\/li>\n\n\n\n<li><strong>F\u00f6rderung der Partizipation:<\/strong>&nbsp;Der Elternrat m\u00f6chte die aktive Beteiligung der Eltern an schulischen Entscheidungsprozessen f\u00f6rdern und st\u00e4rken.<\/li>\n\n\n\n<li><strong>Verbesserung des Lernumfelds:<\/strong>&nbsp;Der Elternrat setzt sich f\u00fcr die kontinuierliche Verbesserung des schulischen Lernumfelds ein, um den Sch\u00fclern optimale Bedingungen zu bieten.<\/li>\n\n\n\n<li><strong>St\u00e4rkung der Gemeinschaft:<\/strong>&nbsp;Der Elternrat strebt danach, eine starke und unterst\u00fctzende Schulgemeinschaft zu schaffen.<\/li>\n<\/ul>\n\n\n\n<p><br><\/p>\n\n\n\n<div style=\"height:16px\" aria-hidden=\"true\" class=\"wp-block-spacer\"><\/div>\n\n\n\n<p><strong>Wie Sie sich im Elternrat engagieren k\u00f6nnen:<\/strong><\/p>\n\n\n\n<ul>\n<li><strong>Informieren Sie sich:<\/strong>&nbsp;Besuchen Sie die Schulhomepage oder sprechen Sie mit aktuellen Elternvertretern, um mehr \u00fcber die Arbeit des Elternrats zu erfahren.<\/li>\n\n\n\n<li><strong>Teilnahme an Elternabenden:<\/strong>&nbsp;Nehmen Sie an den Elternabenden teil, die zu Beginn jedes Schuljahres stattfinden. Hier werden die Elternvertreter gew\u00e4hlt.<\/li>\n\n\n\n<li><strong>Kandidieren Sie:<\/strong>&nbsp;Lassen Sie sich zur Wahl als Elternvertreter aufstellen. Alle Eltern der Schule haben die M\u00f6glichkeit, sich zur Wahl zu stellen.<\/li>\n\n\n\n<li><strong>Besuchen Sie Sitzungen:<\/strong>&nbsp;Nehmen Sie an den schul\u00f6ffentlichen Sitzungen des Elternrats teil. Diese Sitzungen sind eine gute Gelegenheit, sich einzubringen und die Arbeit des Elternrats kennenzulernen.<\/li>\n\n\n\n<li><strong>Mitarbeit in Projekten:<\/strong>&nbsp;Engagieren Sie sich in Projekten und Veranstaltungen, die vom Elternrat organisiert werden. Ihre Unterst\u00fctzung ist immer willkommen.<\/li>\n\n\n\n<li><strong>Kommunikation:<\/strong>&nbsp;Bleiben Sie im Austausch mit anderen Eltern und Lehrern. Teilen Sie Ihre Ideen, Anregungen und Bedenken mit dem Elternrat.<\/li>\n\n\n\n<li><strong>Kontaktaufnahme:<\/strong>&nbsp;Wenn Sie Fragen haben oder sich direkt engagieren m\u00f6chten, k\u00f6nnen Sie den Elternrat jederzeit kontaktieren. Die Kontaktdaten finden Sie auf der Schulhomepage oder bei den Elternvertretern.<\/li>\n<\/ul>\n\n\n\n<p>Ihr Engagement ist wertvoll und tr\u00e4gt dazu bei, die Schulgemeinschaft zu st\u00e4rken und weiterzuentwickeln. Vielen Dank f\u00fcr Ihr Interesse!<\/p>\n\n\n\n<p>Um mehr \u00fcber unsere Arbeit zu erfahren und die Schule gemeinsam weiterzuentwickeln, laden wir Sie herzlich ein, mit uns in Kontakt zu treten. Bei Fragen, Anregungen oder W\u00fcnschen, aber auch bei Problemen stehen wir Ihnen jederzeit gerne zur Seite.<br>Sie erreichen uns per E-Mail unter <a href=\"mailto:nesrinx@web.de\" target=\"_blank\" rel=\"noreferrer noopener\">nesrinx@web.de<\/a> oder \u00fcber die Elternvertreter der jeweiligen Klassen.<\/p>\n\n\n\n<p><\/p>\n<\/div><\/div>\n","protected":false},"excerpt":{"rendered":"<p>Der Elternrat stellt sich vor Der Elternrat ist ein wesentlicher Bestandteil der Schulgemeinschaft der Grundschule Alt-Wolfsburg. Er besteht aus engagierten Eltern, die zu Beginn jedes Schuljahres auf den Elternabenden der jeweiligen Klassen als Elternvertreter gew\u00e4hlt werden. Alle Eltern der Schule k\u00f6nnen sich zur Wahl als Elternvertreter aufstellen lassen. Die Vorsitzenden des Elternrats und die Gremien [&hellip;]<\/p>\n","protected":false},"author":1,"featured_media":0,"parent":193,"menu_order":0,"comment_status":"closed","ping_status":"closed","template":"","meta":{"footnotes":""},"_links":{"self":[{"href":"https:\/\/dev.gs-alt-wolfsburg.de\/index.php?rest_route=\/wp\/v2\/pages\/198"}],"collection":[{"href":"https:\/\/dev.gs-alt-wolfsburg.de\/index.php?rest_route=\/wp\/v2\/pages"}],"about":[{"href":"https:\/\/dev.gs-alt-wolfsburg.de\/index.php?rest_route=\/wp\/v2\/types\/page"}],"author":[{"embeddable":true,"href":"https:\/\/dev.gs-alt-wolfsburg.de\/index.php?rest_route=\/wp\/v2\/users\/1"}],"replies":[{"embeddable":true,"href":"https:\/\/dev.gs-alt-wolfsburg.de\/index.php?rest_route=%2Fwp%2Fv2%2Fcomments&post=198"}],"version-history":[{"count":16,"href":"https:\/\/dev.gs-alt-wolfsburg.de\/index.php?rest_route=\/wp\/v2\/pages\/198\/revisions"}],"predecessor-version":[{"id":2337,"href":"https:\/\/dev.gs-alt-wolfsburg.de\/index.php?rest_route=\/wp\/v2\/pages\/198\/revisions\/2337"}],"up":[{"embeddable":true,"href":"https:\/\/dev.gs-alt-wolfsburg.de\/index.php?rest_route=\/wp\/v2\/pages\/193"}],"wp:attachment":[{"href":"https:\/\/dev.gs-alt-wolfsburg.de\/index.php?rest_route=%2Fwp%2Fv2%2Fmedia&parent=198"}],"curies":[{"name":"wp","href":"https:\/\/api.w.org\/{rel}","templated":true}]}}