{"id":193,"date":"2019-06-03T17:13:33","date_gmt":"2019-06-03T15:13:33","guid":{"rendered":"http:\/\/www.gs-alt-wolfsburg.de\/wp\/?page_id=193"},"modified":"2023-10-08T17:34:02","modified_gmt":"2023-10-08T15:34:02","slug":"unsere-schule","status":"publish","type":"page","link":"https:\/\/dev.gs-alt-wolfsburg.de\/?page_id=193","title":{"rendered":"Unsere Schule"},"content":{"rendered":"\n<p>Die Grundschule Alt-Wolfsburg ist eine dreiz\u00fcgige verl\u00e4ssliche Grundschule (VGS) mit Schulkindergarten (SKG). Die meisten Sch\u00fclerInnen unserer Schule kommen aus der Nordstadt mit den Stadtteilen Tiergartenbreite, Teichbreite, Kreuzheide und B\u00fcrgerk\u00e4mpe.<\/p>\n\n\n\n<figure class=\"wp-block-image size-large\"><img loading=\"lazy\" decoding=\"async\" width=\"1024\" height=\"410\" src=\"https:\/\/dev.gs-alt-wolfsburg.de\/wp-content\/uploads\/2020\/10\/20200920_GS-Alt-Wolfsburg_IK17652-Bearbeitet-1024x410.jpg\" alt=\"\" class=\"wp-image-576\" srcset=\"https:\/\/dev.gs-alt-wolfsburg.de\/wp-content\/uploads\/2020\/10\/20200920_GS-Alt-Wolfsburg_IK17652-Bearbeitet-1024x410.jpg 1024w, https:\/\/dev.gs-alt-wolfsburg.de\/wp-content\/uploads\/2020\/10\/20200920_GS-Alt-Wolfsburg_IK17652-Bearbeitet-300x120.jpg 300w, https:\/\/dev.gs-alt-wolfsburg.de\/wp-content\/uploads\/2020\/10\/20200920_GS-Alt-Wolfsburg_IK17652-Bearbeitet-768x307.jpg 768w, https:\/\/dev.gs-alt-wolfsburg.de\/wp-content\/uploads\/2020\/10\/20200920_GS-Alt-Wolfsburg_IK17652-Bearbeitet.jpg 1280w\" sizes=\"(max-width: 1024px) 100vw, 1024px\" \/><figcaption>Haupteingang<\/figcaption><\/figure>\n\n\n\n<p>Die Schulwege sind sicher. Die GS Alt-Wolfsburg ist sehr gut zu Fu\u00df erreichbar: Kurze Beine \u2013 kurze Wege! Auch aus den umliegenden Ortsteilen, Warmenau, K\u00e4storf, Brackstedt und Velstove gelangen die Sch\u00fclerInnen mit den st\u00e4dtischen Linienbussen und den kostenlosen Sammelsch\u00fclerzeitkarten problemlos in die Schule.<\/p>\n\n\n\n<p>Die Schule besteht aus 4 Schultrakten mit jeweils 2 bis 3 Klassenr\u00e4umen und angegliedertem Gruppenraum. Sie verf\u00fcgt \u00fcber zahlreiche Funktionsr\u00e4ume wie Werk- und Musikraum, PC-Raum und Sch\u00fclerb\u00fccherei.<\/p>\n\n\n\n<figure class=\"wp-block-gallery columns-3 is-cropped wp-block-gallery-1 is-layout-flex wp-block-gallery-is-layout-flex\"><ul class=\"blocks-gallery-grid\"><li class=\"blocks-gallery-item\"><figure><img loading=\"lazy\" decoding=\"async\" width=\"1024\" height=\"570\" src=\"https:\/\/dev.gs-alt-wolfsburg.de\/wp-content\/uploads\/2020\/10\/20201004_GS-Alt-Wolfsburg_IK17724-1024x570.jpg\" alt=\"\" data-id=\"579\" data-link=\"https:\/\/dev.gs-alt-wolfsburg.de\/?attachment_id=579\" class=\"wp-image-579\" srcset=\"https:\/\/dev.gs-alt-wolfsburg.de\/wp-content\/uploads\/2020\/10\/20201004_GS-Alt-Wolfsburg_IK17724-1024x570.jpg 1024w, https:\/\/dev.gs-alt-wolfsburg.de\/wp-content\/uploads\/2020\/10\/20201004_GS-Alt-Wolfsburg_IK17724-300x167.jpg 300w, https:\/\/dev.gs-alt-wolfsburg.de\/wp-content\/uploads\/2020\/10\/20201004_GS-Alt-Wolfsburg_IK17724-768x428.jpg 768w, https:\/\/dev.gs-alt-wolfsburg.de\/wp-content\/uploads\/2020\/10\/20201004_GS-Alt-Wolfsburg_IK17724.jpg 1280w\" sizes=\"(max-width: 1024px) 100vw, 1024px\" \/><\/figure><\/li><li class=\"blocks-gallery-item\"><figure><img loading=\"lazy\" decoding=\"async\" width=\"1024\" height=\"683\" src=\"https:\/\/dev.gs-alt-wolfsburg.de\/wp-content\/uploads\/2020\/10\/20201004_GS-Alt-Wolfsburg_IK17707-1024x683.jpg\" alt=\"\" data-id=\"580\" data-link=\"https:\/\/dev.gs-alt-wolfsburg.de\/?attachment_id=580\" class=\"wp-image-580\" srcset=\"https:\/\/dev.gs-alt-wolfsburg.de\/wp-content\/uploads\/2020\/10\/20201004_GS-Alt-Wolfsburg_IK17707-1024x683.jpg 1024w, https:\/\/dev.gs-alt-wolfsburg.de\/wp-content\/uploads\/2020\/10\/20201004_GS-Alt-Wolfsburg_IK17707-300x200.jpg 300w, https:\/\/dev.gs-alt-wolfsburg.de\/wp-content\/uploads\/2020\/10\/20201004_GS-Alt-Wolfsburg_IK17707-768x512.jpg 768w, https:\/\/dev.gs-alt-wolfsburg.de\/wp-content\/uploads\/2020\/10\/20201004_GS-Alt-Wolfsburg_IK17707.jpg 1280w\" sizes=\"(max-width: 1024px) 100vw, 1024px\" \/><\/figure><\/li><li class=\"blocks-gallery-item\"><figure><img loading=\"lazy\" decoding=\"async\" width=\"1024\" height=\"683\" src=\"https:\/\/dev.gs-alt-wolfsburg.de\/wp-content\/uploads\/2020\/10\/20201004_GS-Alt-Wolfsburg_IK17719-1024x683.jpg\" alt=\"\" data-id=\"581\" data-link=\"https:\/\/dev.gs-alt-wolfsburg.de\/?attachment_id=581\" class=\"wp-image-581\" srcset=\"https:\/\/dev.gs-alt-wolfsburg.de\/wp-content\/uploads\/2020\/10\/20201004_GS-Alt-Wolfsburg_IK17719-1024x683.jpg 1024w, https:\/\/dev.gs-alt-wolfsburg.de\/wp-content\/uploads\/2020\/10\/20201004_GS-Alt-Wolfsburg_IK17719-300x200.jpg 300w, https:\/\/dev.gs-alt-wolfsburg.de\/wp-content\/uploads\/2020\/10\/20201004_GS-Alt-Wolfsburg_IK17719-768x512.jpg 768w, https:\/\/dev.gs-alt-wolfsburg.de\/wp-content\/uploads\/2020\/10\/20201004_GS-Alt-Wolfsburg_IK17719.jpg 1280w\" sizes=\"(max-width: 1024px) 100vw, 1024px\" \/><\/figure><\/li><li class=\"blocks-gallery-item\"><figure><img loading=\"lazy\" decoding=\"async\" width=\"1024\" height=\"683\" src=\"https:\/\/dev.gs-alt-wolfsburg.de\/wp-content\/uploads\/2020\/10\/20200920_GS-Alt-Wolfsburg_IK17615-1024x683.jpg\" alt=\"\" data-id=\"582\" data-link=\"https:\/\/dev.gs-alt-wolfsburg.de\/?attachment_id=582\" class=\"wp-image-582\" srcset=\"https:\/\/dev.gs-alt-wolfsburg.de\/wp-content\/uploads\/2020\/10\/20200920_GS-Alt-Wolfsburg_IK17615-1024x683.jpg 1024w, https:\/\/dev.gs-alt-wolfsburg.de\/wp-content\/uploads\/2020\/10\/20200920_GS-Alt-Wolfsburg_IK17615-300x200.jpg 300w, https:\/\/dev.gs-alt-wolfsburg.de\/wp-content\/uploads\/2020\/10\/20200920_GS-Alt-Wolfsburg_IK17615-768x512.jpg 768w, https:\/\/dev.gs-alt-wolfsburg.de\/wp-content\/uploads\/2020\/10\/20200920_GS-Alt-Wolfsburg_IK17615.jpg 1280w\" sizes=\"(max-width: 1024px) 100vw, 1024px\" \/><\/figure><\/li><li class=\"blocks-gallery-item\"><figure><img loading=\"lazy\" decoding=\"async\" width=\"1024\" height=\"542\" src=\"https:\/\/dev.gs-alt-wolfsburg.de\/wp-content\/uploads\/2020\/10\/20200920_GS-Alt-Wolfsburg_IK17625-1024x542.jpg\" alt=\"\" data-id=\"583\" data-link=\"https:\/\/dev.gs-alt-wolfsburg.de\/?attachment_id=583\" class=\"wp-image-583\" srcset=\"https:\/\/dev.gs-alt-wolfsburg.de\/wp-content\/uploads\/2020\/10\/20200920_GS-Alt-Wolfsburg_IK17625-1024x542.jpg 1024w, https:\/\/dev.gs-alt-wolfsburg.de\/wp-content\/uploads\/2020\/10\/20200920_GS-Alt-Wolfsburg_IK17625-300x159.jpg 300w, https:\/\/dev.gs-alt-wolfsburg.de\/wp-content\/uploads\/2020\/10\/20200920_GS-Alt-Wolfsburg_IK17625-768x407.jpg 768w, https:\/\/dev.gs-alt-wolfsburg.de\/wp-content\/uploads\/2020\/10\/20200920_GS-Alt-Wolfsburg_IK17625.jpg 1280w\" sizes=\"(max-width: 1024px) 100vw, 1024px\" \/><\/figure><\/li><li class=\"blocks-gallery-item\"><figure><img loading=\"lazy\" decoding=\"async\" width=\"1024\" height=\"683\" src=\"https:\/\/dev.gs-alt-wolfsburg.de\/wp-content\/uploads\/2020\/10\/20201004_GS-Alt-Wolfsburg_IK17714-1024x683.jpg\" alt=\"\" data-id=\"584\" data-link=\"https:\/\/dev.gs-alt-wolfsburg.de\/?attachment_id=584\" class=\"wp-image-584\" srcset=\"https:\/\/dev.gs-alt-wolfsburg.de\/wp-content\/uploads\/2020\/10\/20201004_GS-Alt-Wolfsburg_IK17714-1024x683.jpg 1024w, https:\/\/dev.gs-alt-wolfsburg.de\/wp-content\/uploads\/2020\/10\/20201004_GS-Alt-Wolfsburg_IK17714-300x200.jpg 300w, https:\/\/dev.gs-alt-wolfsburg.de\/wp-content\/uploads\/2020\/10\/20201004_GS-Alt-Wolfsburg_IK17714-768x512.jpg 768w, https:\/\/dev.gs-alt-wolfsburg.de\/wp-content\/uploads\/2020\/10\/20201004_GS-Alt-Wolfsburg_IK17714.jpg 1280w\" sizes=\"(max-width: 1024px) 100vw, 1024px\" \/><\/figure><\/li><li class=\"blocks-gallery-item\"><figure><img loading=\"lazy\" decoding=\"async\" width=\"1024\" height=\"567\" src=\"https:\/\/dev.gs-alt-wolfsburg.de\/wp-content\/uploads\/2020\/10\/20200920_GS-Alt-Wolfsburg_IK17627-1024x567.jpg\" alt=\"\" data-id=\"624\" data-full-url=\"https:\/\/dev.gs-alt-wolfsburg.de\/wp-content\/uploads\/2020\/10\/20200920_GS-Alt-Wolfsburg_IK17627.jpg\" data-link=\"https:\/\/dev.gs-alt-wolfsburg.de\/?attachment_id=624\" class=\"wp-image-624\" srcset=\"https:\/\/dev.gs-alt-wolfsburg.de\/wp-content\/uploads\/2020\/10\/20200920_GS-Alt-Wolfsburg_IK17627-1024x567.jpg 1024w, https:\/\/dev.gs-alt-wolfsburg.de\/wp-content\/uploads\/2020\/10\/20200920_GS-Alt-Wolfsburg_IK17627-300x166.jpg 300w, https:\/\/dev.gs-alt-wolfsburg.de\/wp-content\/uploads\/2020\/10\/20200920_GS-Alt-Wolfsburg_IK17627-768x425.jpg 768w, https:\/\/dev.gs-alt-wolfsburg.de\/wp-content\/uploads\/2020\/10\/20200920_GS-Alt-Wolfsburg_IK17627.jpg 1280w\" sizes=\"(max-width: 1024px) 100vw, 1024px\" \/><\/figure><\/li><\/ul><figcaption class=\"blocks-gallery-caption\">Klassen-, Fach- und Gruppenr\u00e4ume<\/figcaption><\/figure>\n\n\n\n<p><\/p>\n\n\n\n<p>Der Ganztagsbereich (seit 2010) ist in das Schulgeb\u00e4ude integriert und umfasst 5 ehemalige Klassenr\u00e4ume und die Schulmensa.<\/p>\n\n\n\n<p>Eine moderne Zweifeld-Turnhalle, ein Sportplatz und mehrere Schulh\u00f6fe umgeben von Gr\u00fcn- und Rasenfl\u00e4chen erg\u00e4nzen das weitl\u00e4ufige Areal.<\/p>\n\n\n\n<figure class=\"wp-block-gallery columns-3 is-cropped wp-block-gallery-2 is-layout-flex wp-block-gallery-is-layout-flex\"><ul class=\"blocks-gallery-grid\"><li class=\"blocks-gallery-item\"><figure><img loading=\"lazy\" decoding=\"async\" width=\"1024\" height=\"683\" src=\"https:\/\/dev.gs-alt-wolfsburg.de\/wp-content\/uploads\/2020\/10\/20200920_GS-Alt-Wolfsburg_IK17561-1024x683.jpg\" alt=\"\" data-id=\"585\" data-link=\"https:\/\/dev.gs-alt-wolfsburg.de\/?attachment_id=585\" class=\"wp-image-585\" srcset=\"https:\/\/dev.gs-alt-wolfsburg.de\/wp-content\/uploads\/2020\/10\/20200920_GS-Alt-Wolfsburg_IK17561-1024x683.jpg 1024w, https:\/\/dev.gs-alt-wolfsburg.de\/wp-content\/uploads\/2020\/10\/20200920_GS-Alt-Wolfsburg_IK17561-300x200.jpg 300w, https:\/\/dev.gs-alt-wolfsburg.de\/wp-content\/uploads\/2020\/10\/20200920_GS-Alt-Wolfsburg_IK17561-768x512.jpg 768w, https:\/\/dev.gs-alt-wolfsburg.de\/wp-content\/uploads\/2020\/10\/20200920_GS-Alt-Wolfsburg_IK17561.jpg 1280w\" sizes=\"(max-width: 1024px) 100vw, 1024px\" \/><\/figure><\/li><li class=\"blocks-gallery-item\"><figure><img loading=\"lazy\" decoding=\"async\" width=\"1024\" height=\"683\" src=\"https:\/\/dev.gs-alt-wolfsburg.de\/wp-content\/uploads\/2020\/10\/20200920_GS-Alt-Wolfsburg_IK17579-1024x683.jpg\" alt=\"\" data-id=\"586\" data-link=\"https:\/\/dev.gs-alt-wolfsburg.de\/?attachment_id=586\" class=\"wp-image-586\" srcset=\"https:\/\/dev.gs-alt-wolfsburg.de\/wp-content\/uploads\/2020\/10\/20200920_GS-Alt-Wolfsburg_IK17579-1024x683.jpg 1024w, https:\/\/dev.gs-alt-wolfsburg.de\/wp-content\/uploads\/2020\/10\/20200920_GS-Alt-Wolfsburg_IK17579-300x200.jpg 300w, https:\/\/dev.gs-alt-wolfsburg.de\/wp-content\/uploads\/2020\/10\/20200920_GS-Alt-Wolfsburg_IK17579-768x512.jpg 768w, https:\/\/dev.gs-alt-wolfsburg.de\/wp-content\/uploads\/2020\/10\/20200920_GS-Alt-Wolfsburg_IK17579.jpg 1280w\" sizes=\"(max-width: 1024px) 100vw, 1024px\" \/><\/figure><\/li><li class=\"blocks-gallery-item\"><figure><img loading=\"lazy\" decoding=\"async\" width=\"1024\" height=\"683\" src=\"https:\/\/dev.gs-alt-wolfsburg.de\/wp-content\/uploads\/2020\/10\/20201004_GS-Alt-Wolfsburg_IK17706-1024x683.jpg\" alt=\"\" data-id=\"587\" data-link=\"https:\/\/dev.gs-alt-wolfsburg.de\/?attachment_id=587\" class=\"wp-image-587\" srcset=\"https:\/\/dev.gs-alt-wolfsburg.de\/wp-content\/uploads\/2020\/10\/20201004_GS-Alt-Wolfsburg_IK17706-1024x683.jpg 1024w, https:\/\/dev.gs-alt-wolfsburg.de\/wp-content\/uploads\/2020\/10\/20201004_GS-Alt-Wolfsburg_IK17706-300x200.jpg 300w, https:\/\/dev.gs-alt-wolfsburg.de\/wp-content\/uploads\/2020\/10\/20201004_GS-Alt-Wolfsburg_IK17706-768x512.jpg 768w, https:\/\/dev.gs-alt-wolfsburg.de\/wp-content\/uploads\/2020\/10\/20201004_GS-Alt-Wolfsburg_IK17706.jpg 1280w\" sizes=\"(max-width: 1024px) 100vw, 1024px\" \/><\/figure><\/li><li class=\"blocks-gallery-item\"><figure><img loading=\"lazy\" decoding=\"async\" width=\"1024\" height=\"683\" src=\"https:\/\/dev.gs-alt-wolfsburg.de\/wp-content\/uploads\/2020\/10\/20200920_GS-Alt-Wolfsburg_IK17576-1024x683.jpg\" alt=\"\" data-id=\"588\" data-link=\"https:\/\/dev.gs-alt-wolfsburg.de\/?attachment_id=588\" class=\"wp-image-588\" srcset=\"https:\/\/dev.gs-alt-wolfsburg.de\/wp-content\/uploads\/2020\/10\/20200920_GS-Alt-Wolfsburg_IK17576-1024x683.jpg 1024w, https:\/\/dev.gs-alt-wolfsburg.de\/wp-content\/uploads\/2020\/10\/20200920_GS-Alt-Wolfsburg_IK17576-300x200.jpg 300w, https:\/\/dev.gs-alt-wolfsburg.de\/wp-content\/uploads\/2020\/10\/20200920_GS-Alt-Wolfsburg_IK17576-768x512.jpg 768w, https:\/\/dev.gs-alt-wolfsburg.de\/wp-content\/uploads\/2020\/10\/20200920_GS-Alt-Wolfsburg_IK17576.jpg 1280w\" sizes=\"(max-width: 1024px) 100vw, 1024px\" \/><\/figure><\/li><li class=\"blocks-gallery-item\"><figure><img loading=\"lazy\" decoding=\"async\" width=\"1024\" height=\"683\" src=\"https:\/\/dev.gs-alt-wolfsburg.de\/wp-content\/uploads\/2020\/10\/20200920_GS-Alt-Wolfsburg_IK17573-1024x683.jpg\" alt=\"\" data-id=\"589\" data-link=\"https:\/\/dev.gs-alt-wolfsburg.de\/?attachment_id=589\" class=\"wp-image-589\" srcset=\"https:\/\/dev.gs-alt-wolfsburg.de\/wp-content\/uploads\/2020\/10\/20200920_GS-Alt-Wolfsburg_IK17573-1024x683.jpg 1024w, https:\/\/dev.gs-alt-wolfsburg.de\/wp-content\/uploads\/2020\/10\/20200920_GS-Alt-Wolfsburg_IK17573-300x200.jpg 300w, https:\/\/dev.gs-alt-wolfsburg.de\/wp-content\/uploads\/2020\/10\/20200920_GS-Alt-Wolfsburg_IK17573-768x512.jpg 768w, https:\/\/dev.gs-alt-wolfsburg.de\/wp-content\/uploads\/2020\/10\/20200920_GS-Alt-Wolfsburg_IK17573.jpg 1280w\" sizes=\"(max-width: 1024px) 100vw, 1024px\" \/><\/figure><\/li><li class=\"blocks-gallery-item\"><figure><img loading=\"lazy\" decoding=\"async\" width=\"1024\" height=\"683\" src=\"https:\/\/dev.gs-alt-wolfsburg.de\/wp-content\/uploads\/2020\/10\/20200920_GS-Alt-Wolfsburg_IK17572-Bearbeitet-1024x683.jpg\" alt=\"\" data-id=\"590\" data-link=\"https:\/\/dev.gs-alt-wolfsburg.de\/?attachment_id=590\" class=\"wp-image-590\" srcset=\"https:\/\/dev.gs-alt-wolfsburg.de\/wp-content\/uploads\/2020\/10\/20200920_GS-Alt-Wolfsburg_IK17572-Bearbeitet-1024x683.jpg 1024w, https:\/\/dev.gs-alt-wolfsburg.de\/wp-content\/uploads\/2020\/10\/20200920_GS-Alt-Wolfsburg_IK17572-Bearbeitet-300x200.jpg 300w, https:\/\/dev.gs-alt-wolfsburg.de\/wp-content\/uploads\/2020\/10\/20200920_GS-Alt-Wolfsburg_IK17572-Bearbeitet-768x512.jpg 768w, https:\/\/dev.gs-alt-wolfsburg.de\/wp-content\/uploads\/2020\/10\/20200920_GS-Alt-Wolfsburg_IK17572-Bearbeitet.jpg 1280w\" sizes=\"(max-width: 1024px) 100vw, 1024px\" \/><\/figure><\/li><li class=\"blocks-gallery-item\"><figure><img loading=\"lazy\" decoding=\"async\" width=\"1024\" height=\"683\" src=\"https:\/\/dev.gs-alt-wolfsburg.de\/wp-content\/uploads\/2020\/10\/20200920_GS-Alt-Wolfsburg_IK17571-1024x683.jpg\" alt=\"\" data-id=\"591\" data-full-url=\"https:\/\/dev.gs-alt-wolfsburg.de\/wp-content\/uploads\/2020\/10\/20200920_GS-Alt-Wolfsburg_IK17571.jpg\" data-link=\"https:\/\/dev.gs-alt-wolfsburg.de\/?attachment_id=591\" class=\"wp-image-591\" srcset=\"https:\/\/dev.gs-alt-wolfsburg.de\/wp-content\/uploads\/2020\/10\/20200920_GS-Alt-Wolfsburg_IK17571-1024x683.jpg 1024w, https:\/\/dev.gs-alt-wolfsburg.de\/wp-content\/uploads\/2020\/10\/20200920_GS-Alt-Wolfsburg_IK17571-300x200.jpg 300w, https:\/\/dev.gs-alt-wolfsburg.de\/wp-content\/uploads\/2020\/10\/20200920_GS-Alt-Wolfsburg_IK17571-768x512.jpg 768w, https:\/\/dev.gs-alt-wolfsburg.de\/wp-content\/uploads\/2020\/10\/20200920_GS-Alt-Wolfsburg_IK17571.jpg 1280w\" sizes=\"(max-width: 1024px) 100vw, 1024px\" \/><\/figure><\/li><\/ul><figcaption class=\"blocks-gallery-caption\">Sporthalle und Au\u00dfenanlagen<\/figcaption><\/figure>\n\n\n\n<p><\/p>\n\n\n\n<p>Auf Anschlagtafeln im Eingangsbereich finden Sie wichtige Elterninformationen, Hinweise auf schulische Veranstaltungen und schulische Gremien.<\/p>\n\n\n\n<p>Die Grundschule ist in Teilbereichen behindertengerecht umgebaut.<\/p>\n\n\n\n<p>Seit 2001 besteht die Kooperation mit der F\u00f6rderschule Peter-Pan-Schule (PPS), F\u00f6rderschule mit Schwerpunkt geistige Entwicklung. Ein Schwerpunkt des Lernens der GS Alt-Wolfsburg liegt im sozialen Bereich.<\/p>\n\n\n\n<figure class=\"wp-block-gallery columns-2 is-cropped wp-block-gallery-3 is-layout-flex wp-block-gallery-is-layout-flex\"><ul class=\"blocks-gallery-grid\"><li class=\"blocks-gallery-item\"><figure><img loading=\"lazy\" decoding=\"async\" width=\"1024\" height=\"683\" src=\"https:\/\/dev.gs-alt-wolfsburg.de\/wp-content\/uploads\/2020\/10\/20200920_GS-Alt-Wolfsburg_IK17587-1024x683.jpg\" alt=\"\" data-id=\"592\" data-link=\"https:\/\/dev.gs-alt-wolfsburg.de\/?attachment_id=592\" class=\"wp-image-592\" srcset=\"https:\/\/dev.gs-alt-wolfsburg.de\/wp-content\/uploads\/2020\/10\/20200920_GS-Alt-Wolfsburg_IK17587-1024x683.jpg 1024w, https:\/\/dev.gs-alt-wolfsburg.de\/wp-content\/uploads\/2020\/10\/20200920_GS-Alt-Wolfsburg_IK17587-300x200.jpg 300w, https:\/\/dev.gs-alt-wolfsburg.de\/wp-content\/uploads\/2020\/10\/20200920_GS-Alt-Wolfsburg_IK17587-768x512.jpg 768w, https:\/\/dev.gs-alt-wolfsburg.de\/wp-content\/uploads\/2020\/10\/20200920_GS-Alt-Wolfsburg_IK17587.jpg 1280w\" sizes=\"(max-width: 1024px) 100vw, 1024px\" \/><\/figure><\/li><li class=\"blocks-gallery-item\"><figure><img loading=\"lazy\" decoding=\"async\" width=\"1024\" height=\"683\" src=\"https:\/\/dev.gs-alt-wolfsburg.de\/wp-content\/uploads\/2020\/10\/20200920_GS-Alt-Wolfsburg_IK17642-Bearbeitet-1024x683.jpg\" alt=\"\" data-id=\"593\" data-full-url=\"https:\/\/dev.gs-alt-wolfsburg.de\/wp-content\/uploads\/2020\/10\/20200920_GS-Alt-Wolfsburg_IK17642-Bearbeitet.jpg\" data-link=\"https:\/\/dev.gs-alt-wolfsburg.de\/?attachment_id=593\" class=\"wp-image-593\" srcset=\"https:\/\/dev.gs-alt-wolfsburg.de\/wp-content\/uploads\/2020\/10\/20200920_GS-Alt-Wolfsburg_IK17642-Bearbeitet-1024x683.jpg 1024w, https:\/\/dev.gs-alt-wolfsburg.de\/wp-content\/uploads\/2020\/10\/20200920_GS-Alt-Wolfsburg_IK17642-Bearbeitet-300x200.jpg 300w, https:\/\/dev.gs-alt-wolfsburg.de\/wp-content\/uploads\/2020\/10\/20200920_GS-Alt-Wolfsburg_IK17642-Bearbeitet-768x512.jpg 768w, https:\/\/dev.gs-alt-wolfsburg.de\/wp-content\/uploads\/2020\/10\/20200920_GS-Alt-Wolfsburg_IK17642-Bearbeitet.jpg 1280w\" sizes=\"(max-width: 1024px) 100vw, 1024px\" \/><\/figure><\/li><\/ul><\/figure>\n\n\n\n<p>Diese Kooperation ist im p\u00e4dagogischen Konzept der Schule verankert, ebenso wie Englisch von Anfang an (ab Klasse 1), F\u00f6rdern und Fordern und der Ganztagsbereich.<\/p>\n\n\n\n<p>Au\u00dferdem ist unser Standort als \u201eSportfreundliche Schule\u201c und als &#8222;UNICEF Kinderrechteschule&#8220; zertifiziert.<\/p>\n\n\n\n<p>Das gemeinsame Miteinander und Lernen von Sch\u00fclerInnen mit und ohne Beeintr\u00e4chtigungen ist uns wichtig.<\/p>\n\n\n\n<p>Mit Beginn des Schuljahres 2015\/16 bieten wir zudem allen Sch\u00fclerInnen an, an einem Tag der Woche gemeinsam bis 15.30 Uhr in der Schule zu bleiben. Mit ihren Lehrkr\u00e4ften oder p\u00e4d. Fachkr\u00e4ften haben sie Gelegenheit, klassenintern Projekte durchzuf\u00fchren, zu basteln oder andere gemeinschaftliche Aktionen zu planen und durchzuf\u00fchren.<\/p>\n\n\n\n<figure class=\"wp-block-gallery columns-3 is-cropped wp-block-gallery-4 is-layout-flex wp-block-gallery-is-layout-flex\"><ul class=\"blocks-gallery-grid\"><li class=\"blocks-gallery-item\"><figure><img loading=\"lazy\" decoding=\"async\" width=\"683\" height=\"1024\" src=\"https:\/\/dev.gs-alt-wolfsburg.de\/wp-content\/uploads\/2020\/10\/20201004_GS-Alt-Wolfsburg_IK17732-683x1024.jpg\" alt=\"\" data-id=\"594\" data-link=\"https:\/\/dev.gs-alt-wolfsburg.de\/?attachment_id=594\" class=\"wp-image-594\" srcset=\"https:\/\/dev.gs-alt-wolfsburg.de\/wp-content\/uploads\/2020\/10\/20201004_GS-Alt-Wolfsburg_IK17732-683x1024.jpg 683w, https:\/\/dev.gs-alt-wolfsburg.de\/wp-content\/uploads\/2020\/10\/20201004_GS-Alt-Wolfsburg_IK17732-200x300.jpg 200w, https:\/\/dev.gs-alt-wolfsburg.de\/wp-content\/uploads\/2020\/10\/20201004_GS-Alt-Wolfsburg_IK17732-768x1151.jpg 768w, https:\/\/dev.gs-alt-wolfsburg.de\/wp-content\/uploads\/2020\/10\/20201004_GS-Alt-Wolfsburg_IK17732.jpg 854w\" sizes=\"(max-width: 683px) 100vw, 683px\" \/><\/figure><\/li><li class=\"blocks-gallery-item\"><figure><img loading=\"lazy\" decoding=\"async\" width=\"1024\" height=\"683\" src=\"https:\/\/dev.gs-alt-wolfsburg.de\/wp-content\/uploads\/2020\/10\/20201004_GS-Alt-Wolfsburg_IK17735-1024x683.jpg\" alt=\"\" data-id=\"595\" data-link=\"https:\/\/dev.gs-alt-wolfsburg.de\/?attachment_id=595\" class=\"wp-image-595\" srcset=\"https:\/\/dev.gs-alt-wolfsburg.de\/wp-content\/uploads\/2020\/10\/20201004_GS-Alt-Wolfsburg_IK17735-1024x683.jpg 1024w, https:\/\/dev.gs-alt-wolfsburg.de\/wp-content\/uploads\/2020\/10\/20201004_GS-Alt-Wolfsburg_IK17735-300x200.jpg 300w, https:\/\/dev.gs-alt-wolfsburg.de\/wp-content\/uploads\/2020\/10\/20201004_GS-Alt-Wolfsburg_IK17735-768x512.jpg 768w, https:\/\/dev.gs-alt-wolfsburg.de\/wp-content\/uploads\/2020\/10\/20201004_GS-Alt-Wolfsburg_IK17735.jpg 1280w\" sizes=\"(max-width: 1024px) 100vw, 1024px\" \/><\/figure><\/li><li class=\"blocks-gallery-item\"><figure><img loading=\"lazy\" decoding=\"async\" width=\"1024\" height=\"683\" src=\"https:\/\/dev.gs-alt-wolfsburg.de\/wp-content\/uploads\/2020\/10\/20201004_GS-Alt-Wolfsburg_IK17740-1024x683.jpg\" alt=\"\" data-id=\"596\" data-link=\"https:\/\/dev.gs-alt-wolfsburg.de\/?attachment_id=596\" class=\"wp-image-596\" srcset=\"https:\/\/dev.gs-alt-wolfsburg.de\/wp-content\/uploads\/2020\/10\/20201004_GS-Alt-Wolfsburg_IK17740-1024x683.jpg 1024w, https:\/\/dev.gs-alt-wolfsburg.de\/wp-content\/uploads\/2020\/10\/20201004_GS-Alt-Wolfsburg_IK17740-300x200.jpg 300w, https:\/\/dev.gs-alt-wolfsburg.de\/wp-content\/uploads\/2020\/10\/20201004_GS-Alt-Wolfsburg_IK17740-768x512.jpg 768w, https:\/\/dev.gs-alt-wolfsburg.de\/wp-content\/uploads\/2020\/10\/20201004_GS-Alt-Wolfsburg_IK17740.jpg 1280w\" sizes=\"(max-width: 1024px) 100vw, 1024px\" \/><\/figure><\/li><li class=\"blocks-gallery-item\"><figure><img loading=\"lazy\" decoding=\"async\" width=\"1024\" height=\"683\" src=\"https:\/\/dev.gs-alt-wolfsburg.de\/wp-content\/uploads\/2020\/10\/20201004_GS-Alt-Wolfsburg_IK17742-1024x683.jpg\" alt=\"\" data-id=\"597\" data-full-url=\"https:\/\/dev.gs-alt-wolfsburg.de\/wp-content\/uploads\/2020\/10\/20201004_GS-Alt-Wolfsburg_IK17742.jpg\" data-link=\"https:\/\/dev.gs-alt-wolfsburg.de\/?attachment_id=597\" class=\"wp-image-597\" srcset=\"https:\/\/dev.gs-alt-wolfsburg.de\/wp-content\/uploads\/2020\/10\/20201004_GS-Alt-Wolfsburg_IK17742-1024x683.jpg 1024w, https:\/\/dev.gs-alt-wolfsburg.de\/wp-content\/uploads\/2020\/10\/20201004_GS-Alt-Wolfsburg_IK17742-300x200.jpg 300w, https:\/\/dev.gs-alt-wolfsburg.de\/wp-content\/uploads\/2020\/10\/20201004_GS-Alt-Wolfsburg_IK17742-768x512.jpg 768w, https:\/\/dev.gs-alt-wolfsburg.de\/wp-content\/uploads\/2020\/10\/20201004_GS-Alt-Wolfsburg_IK17742.jpg 1280w\" sizes=\"(max-width: 1024px) 100vw, 1024px\" \/><\/figure><\/li><\/ul><\/figure>\n\n\n\n<p>Unterst\u00fctzung beim Lernen in der Schule erhalten die Sch\u00fclerInnen durch ihre Klassen- und Fachlehrkr\u00e4fte, Schulsozialarbeiterinnen, p\u00e4dagogische Mitarbeiterinnen des Vormittags und den MitarbeiterInnen des Nachmittagsbereichs sowie den F\u00f6rderschullehrkr\u00e4ften.<\/p>\n\n\n\n<p>Im Hinblick auf erfolgreiches Lernen sehen wir es als unseren p\u00e4dagogischen Auftrag an: Freude am Lernen zu vermitteln, Leistungsbereitschaft zu wecken, das einzelne Kind in seinem Selbstbewusstsein zu st\u00e4rken und zu f\u00f6rdern. Es ist uns au\u00dferdem wichtig, dass die Sch\u00fclerinnen und Sch\u00fcler lernen, kooperativ und fair in der Gemeinschaft miteinander umzugehen.<\/p>\n\n\n\n<p>In vielen Bereichen hat sich die Zusammenarbeit mit folgenden Institutionen bew\u00e4hrt:<\/p>\n\n\n\n<ul><li>Kooperation mit der Peter-Pan-Schule, F\u00f6rderschule Schwerpunkt geistige Entwicklung<\/li><li>Kooperationen mit Ev.-luth. Kindertagesst\u00e4tte St. Marien, Ev. Kita Brackstedt und St. Thomas, der Kath. Kita St. Bernward, der Kita AWO Am Gutshof und der Kita Regenbogenland in Velstove<\/li><li>Ev.-luth. Kirchengemeinde St. Marien und St. Thomas<\/li><li>Kath. Kirchengemeinde St. Bernward<\/li><li>Weiterf\u00fchrende Schulen in Wolfsburg<\/li><li>Zusammenarbeit mit der Polizei Wolfsburg<\/li><li>Akutberatung\/Jugendamt<\/li><li>Gewaltpr\u00e4vention !Respekt<\/li><li>Lotte-Lembke-Schule, Schule f\u00fcr soz.-emotionale Entwicklung<\/li><li>Mehrgenerationenhaus am Hansaplatz<\/li><li>NEST (Naturerkundungsstation), Wolfsburg<\/li><li>SiS \u2013 Seniorpartner in School<\/li><li>Stadtb\u00fccherei Wolfsburg und Kinder \u2013 Literaturkreis<\/li><li>Tabula e.V.<\/li><li>VfL-Wolfsburg: Fu\u00dfball, Schwimmen (Partnerschule)<\/li><li>ZEUS \u2013 Zentrum f\u00fcr Entwicklungsdiagnostik und Sozialp\u00e4diatrie<\/li><\/ul>\n\n\n\n<p><strong>Schulleben und Projekte\/Veranstaltungen<\/strong><\/p>\n\n\n\n<p>Das Engagement des Kollegiums, der Eltern und des F\u00f6rdervereins wird deutlich in zahlreichen Veranstaltungen und Aktivit\u00e4ten:<\/p>\n\n\n\n<ul><li>Teilnahme an Wettbewerben und Turnieren (\u00f6rtlichen und \u00fcberregionalen)<\/li><li>Selbstbehauptungskurse \/ Gewaltpr\u00e4vention<\/li><li>Autorenlesungen<\/li><li>schulinterner Vorlesewettbewerb aller Klassen<\/li><li>Spiel- und Sportaktivit\u00e4ten<\/li><li>Ausfl\u00fcge und Klassenfahrten<\/li><\/ul>\n\n\n\n<p><strong>Kollegium<\/strong><\/p>\n\n\n\n<p>Unser Gesamtkollegium besteht aus Grundschullehrkr\u00e4ften, einer RIK-F\u00f6rderschullehrkraft,<br>Referendarinnen\/Referendaren, Schulsozialarbeiterinnen, Praktikantinnen\/Praktikanten, FSJ-Kr\u00e4ften und p\u00e4d. Fachkr\u00e4ften aus dem Ganztagsbereich.<\/p>\n","protected":false},"excerpt":{"rendered":"<p>Die Grundschule Alt-Wolfsburg ist eine dreiz\u00fcgige verl\u00e4ssliche Grundschule (VGS) mit Schulkindergarten (SKG). Die meisten Sch\u00fclerInnen unserer Schule kommen aus der Nordstadt mit den Stadtteilen Tiergartenbreite, Teichbreite, Kreuzheide und B\u00fcrgerk\u00e4mpe. Die Schulwege sind sicher. Die GS Alt-Wolfsburg ist sehr gut zu Fu\u00df erreichbar: Kurze Beine \u2013 kurze Wege! Auch aus den umliegenden Ortsteilen, Warmenau, K\u00e4storf, Brackstedt [&hellip;]<\/p>\n","protected":false},"author":1,"featured_media":0,"parent":0,"menu_order":2,"comment_status":"closed","ping_status":"closed","template":"","meta":{"footnotes":""},"_links":{"self":[{"href":"https:\/\/dev.gs-alt-wolfsburg.de\/index.php?rest_route=\/wp\/v2\/pages\/193"}],"collection":[{"href":"https:\/\/dev.gs-alt-wolfsburg.de\/index.php?rest_route=\/wp\/v2\/pages"}],"about":[{"href":"https:\/\/dev.gs-alt-wolfsburg.de\/index.php?rest_route=\/wp\/v2\/types\/page"}],"author":[{"embeddable":true,"href":"https:\/\/dev.gs-alt-wolfsburg.de\/index.php?rest_route=\/wp\/v2\/users\/1"}],"replies":[{"embeddable":true,"href":"https:\/\/dev.gs-alt-wolfsburg.de\/index.php?rest_route=%2Fwp%2Fv2%2Fcomments&post=193"}],"version-history":[{"count":4,"href":"https:\/\/dev.gs-alt-wolfsburg.de\/index.php?rest_route=\/wp\/v2\/pages\/193\/revisions"}],"predecessor-version":[{"id":1511,"href":"https:\/\/dev.gs-alt-wolfsburg.de\/index.php?rest_route=\/wp\/v2\/pages\/193\/revisions\/1511"}],"wp:attachment":[{"href":"https:\/\/dev.gs-alt-wolfsburg.de\/index.php?rest_route=%2Fwp%2Fv2%2Fmedia&parent=193"}],"curies":[{"name":"wp","href":"https:\/\/api.w.org\/{rel}","templated":true}]}}